{"id":46,"date":"2023-11-23T22:47:02","date_gmt":"2023-11-23T22:47:02","guid":{"rendered":"https:\/\/kuadro.it\/com\/?page_id=46"},"modified":"2023-11-25T14:35:16","modified_gmt":"2023-11-25T14:35:16","slug":"privacy-policy","status":"publish","type":"page","link":"https:\/\/kuadro.it\/com\/privacy-policy\/","title":{"rendered":"Privacy Policy"},"content":{"rendered":"\n<p>1. TITOLARE DEL TRATTAMENTO, Il \u201cTitolare\u201d del sito e degli eventuali dati, garantisce il rispetto della disciplina in materia di protezione dei dati personali fornendo le seguenti informazioni circa il trattamento dei dati comunicati o comunque raccolti nel corso della navigazione sul presente sito.<\/p>\n\n\n\n<p>2. DATI TRATTATI, FINALIT\u00c0 E BASI GIURIDICHE DEL TRATTAMENTO<br>I dati personali oggetto di trattamento potranno essere costituiti, anche a seconda delle sue decisioni su come utilizzare i servizi, da un identificativo come il nome, il cognome, un numero di identificazione, telefono, dati relativi all\u2019ubicazione e ad un identificativo online.<\/p>\n\n\n\n<p>Dati generati dall\u2019accesso al sito<br>I sistemi informatici e le procedure software preposte al funzionamento di questo sito acquisiscono, nel corso del loro normale esercizio, alcuni dati personali la cui trasmissione \u00e8 implicita nell\u2019uso dei protocolli di comunicazione di Internet.<br>Questi dati (quali ad esempio nomi di dominio, indirizzi IP, sistema operativo utilizzato, tipo di device di browser utilizzati per la connessione) non sono accompagnati da alcuna informazione personale aggiuntiva e vengono utilizzati per: I) ricavare informazioni statistiche anonime sull\u2019uso del sito; II) gestire esigenze di controllo delle modalit\u00e0 di utilizzo dello stesso, III) accertare responsabilit\u00e0 in caso di ipotetici reati informatici. La base giuridica che legittima il trattamento di tali dati \u00e8 la necessit\u00e0 di rendere utilizzabili le funzionalit\u00e0 del sito a seguito dell\u2019accesso dell\u2019utente.<\/p>\n\n\n\n<p>Dati forniti dall\u2019utente<br>I dati personali forniti dall\u2019utente tramite form o in modalit\u00e0 cartacea sono raccolti e trattati per le seguenti finalit\u00e0 descritte nel sito o per elaborare le richieste provenienti da un utente.<br>La base giuridica che legittima il trattamento dei dati \u00e8 l\u2019esecuzione di un contratto di cui l\u2019interessato \u00e8 parte.<\/p>\n\n\n\n<p>Cookies<br>Questo sito web fa utilizzo di cookies.<\/p>\n\n\n\n<p>3. NATURA DEL CONFERIMENTO<br>A parte quanto specificato per i dati di navigazione, il conferimento dei dati \u00e8 volontario e facoltativo ma l\u2019eventuale rifiuto pu\u00f2 comportare l\u2019impossibilit\u00e0 di dar corso agli impegni contrattuali assunti.<\/p>\n\n\n\n<p>4. DESTINATARI DEI DATI PERSONALI<br>I dati raccolti, qualora tecnicamente necessario, potranno essere condivisi, nelle forme e nei modi previsti alla vigente normativa, con:<br>a. soggetti che svolgono servizi connessi e strumentali per l\u2019esecuzione delle suddette finalit\u00e0 (attivit\u00e0 di assistenza e consulenza fiscale o legale alla nostra azienda, registrazione nomi a dominio, gestione pagamenti tramite carta di credito, manutenzione dei sistemi informatici);<br>b. soggetti, enti od autorit\u00e0 a cui sia obbligatorio comunicare i suoi dati personali in forza di disposizioni di legge o di ordini delle autorit\u00e0;<br>c. persone autorizzate al trattamento di dati personali necessario a svolgere attivit\u00e0 strettamente correlate all\u2019erogazione dei servizi, che si siano impegnate alla riservatezza o abbiano un adeguato obbligo legale di riservatezza.<\/p>\n\n\n\n<p>5. TRASFERIMENTI DEI DATI PERSONALI<br>Nell\u2019ambito dei servizi di registrazione di nomi a dominio, il trattamento in alcuni casi implica il trasferimento dei dati in questione al fuori dello Spazio Economico Europeo. Stante che detto trasferimento \u00e8 necessario per la sua fruizione del servizio, secondo la normativa privacy vigente, risulta giustificato ai sensi dell\u2019art. 49(1)(b) del Regolamento EU 2016\/679.<\/p>\n\n\n\n<p>6. MODALITA\u2019 DI TRATTAMENTO E TEMPI DI CONSERVAZIONE DEI DATI<br>I dati raccolti sono trattati mediante strumenti elettronici o comunque automatizzati, informatici e telematici, cartacei o mediante elaborazioni manuali con logiche strettamente correlate alle finalit\u00e0 per le quali i dati personali sono stati raccolti e, comunque, in modo da garantire in ogni caso la sicurezza dei medesimi. I dati vengono conservati per il tempo necessario alla gestione delle finalit\u00e0 per le quali i dati stessi sono raccolti nel rispetto delle norme vigenti e degli obblighi di legge.<\/p>\n\n\n\n<p>7. DIRITTI DELL\u2019INTERESSATO<br>In ogni momento \u00e8 possibile accedere ai dati, opporsi al trattamento o chiedere la cancellazione, la modifica o l\u2019aggiornamento di tutte le informazioni personali raccolte da questo sito web, esercitando il diritto alla limitazione del trattamento e il diritto alla portabilit\u00e0 dei dati, inviando un\u2019e-mail al sito.<\/p>\n","protected":false},"excerpt":{"rendered":"<p>1. TITOLARE DEL TRATTAMENTO, Il \u201cTitolare\u201d del sito e degli eventuali dati, garantisce il rispetto della disciplina in materia di protezione dei dati personali fornendo le seguenti informazioni circa il trattamento dei dati comunicati o comunque raccolti nel corso della navigazione sul presente sito. 2. DATI TRATTATI, FINALIT\u00c0 E BASI GIURIDICHE DEL TRATTAMENTOI dati personali [&hellip;]<\/p>\n","protected":false},"author":3,"featured_media":0,"parent":0,"menu_order":0,"comment_status":"closed","ping_status":"closed","template":"","meta":{"footnotes":""},"class_list":["post-46","page","type-page","status-publish","hentry"],"yoast_head":"<!-- This site is optimized with the Yoast SEO plugin v27.4 - https:\/\/yoast.com\/product\/yoast-seo-wordpress\/ -->\n<title>Privacy Policy - Kuadro.it\/com<\/title>\n<meta name=\"description\" content=\"andrea cavasin, mr. metaverso, mister metaverso, cavasin andrea, metaverso, libro di fisica, viviamo in un metaverso, meta singolarit\u00e0 digitale\" \/>\n<meta name=\"robots\" content=\"index, follow, max-snippet:-1, max-image-preview:large, max-video-preview:-1\" \/>\n<link rel=\"canonical\" href=\"https:\/\/kuadro.it\/com\/privacy-policy\/\" \/>\n<meta property=\"og:locale\" content=\"en_GB\" \/>\n<meta property=\"og:type\" content=\"article\" \/>\n<meta property=\"og:title\" content=\"Privacy Policy - Kuadro.it\/com\" \/>\n<meta property=\"og:description\" content=\"andrea cavasin, mr. metaverso, mister metaverso, cavasin andrea, metaverso, libro di fisica, viviamo in un metaverso, meta singolarit\u00e0 digitale\" \/>\n<meta property=\"og:url\" content=\"https:\/\/kuadro.it\/com\/privacy-policy\/\" \/>\n<meta property=\"og:site_name\" content=\"Kuadro.it\/com\" \/>\n<meta property=\"article:modified_time\" content=\"2023-11-25T14:35:16+00:00\" \/>\n<meta property=\"og:image\" content=\"https:\/\/kuadro.it\/com\/wp-content\/uploads\/2024\/10\/kuadro-index.jpg\" \/>\n\t<meta property=\"og:image:width\" content=\"1822\" \/>\n\t<meta property=\"og:image:height\" content=\"883\" \/>\n\t<meta property=\"og:image:type\" content=\"image\/jpeg\" \/>\n<meta name=\"twitter:card\" content=\"summary_large_image\" \/>\n<meta name=\"twitter:label1\" content=\"Est. reading time\" \/>\n\t<meta name=\"twitter:data1\" content=\"4 minutes\" \/>\n<script type=\"application\/ld+json\" class=\"yoast-schema-graph\">{\"@context\":\"https:\\\/\\\/schema.org\",\"@graph\":[{\"@type\":\"WebPage\",\"@id\":\"https:\\\/\\\/kuadro.it\\\/com\\\/privacy-policy\\\/\",\"url\":\"https:\\\/\\\/kuadro.it\\\/com\\\/privacy-policy\\\/\",\"name\":\"Privacy Policy - Kuadro.it\\\/com\",\"isPartOf\":{\"@id\":\"https:\\\/\\\/kuadro.it\\\/com\\\/#website\"},\"datePublished\":\"2023-11-23T22:47:02+00:00\",\"dateModified\":\"2023-11-25T14:35:16+00:00\",\"description\":\"andrea cavasin, mr. metaverso, mister metaverso, cavasin andrea, metaverso, libro di fisica, viviamo in un metaverso, meta singolarit\u00e0 digitale\",\"breadcrumb\":{\"@id\":\"https:\\\/\\\/kuadro.it\\\/com\\\/privacy-policy\\\/#breadcrumb\"},\"inLanguage\":\"en-GB\",\"potentialAction\":[{\"@type\":\"ReadAction\",\"target\":[\"https:\\\/\\\/kuadro.it\\\/com\\\/privacy-policy\\\/\"]}]},{\"@type\":\"BreadcrumbList\",\"@id\":\"https:\\\/\\\/kuadro.it\\\/com\\\/privacy-policy\\\/#breadcrumb\",\"itemListElement\":[{\"@type\":\"ListItem\",\"position\":1,\"name\":\"Home\",\"item\":\"https:\\\/\\\/kuadro.it\\\/com\\\/\"},{\"@type\":\"ListItem\",\"position\":2,\"name\":\"Privacy Policy\"}]},{\"@type\":\"WebSite\",\"@id\":\"https:\\\/\\\/kuadro.it\\\/com\\\/#website\",\"url\":\"https:\\\/\\\/kuadro.it\\\/com\\\/\",\"name\":\"Kuadro.it\\\/com\",\"description\":\"Metaverse NFT Reality Art\",\"publisher\":{\"@id\":\"https:\\\/\\\/kuadro.it\\\/com\\\/#organization\"},\"potentialAction\":[{\"@type\":\"SearchAction\",\"target\":{\"@type\":\"EntryPoint\",\"urlTemplate\":\"https:\\\/\\\/kuadro.it\\\/com\\\/?s={search_term_string}\"},\"query-input\":{\"@type\":\"PropertyValueSpecification\",\"valueRequired\":true,\"valueName\":\"search_term_string\"}}],\"inLanguage\":\"en-GB\"},{\"@type\":\"Organization\",\"@id\":\"https:\\\/\\\/kuadro.it\\\/com\\\/#organization\",\"name\":\"Kuadro.it\\\/com\",\"url\":\"https:\\\/\\\/kuadro.it\\\/com\\\/\",\"logo\":{\"@type\":\"ImageObject\",\"inLanguage\":\"en-GB\",\"@id\":\"https:\\\/\\\/kuadro.it\\\/com\\\/#\\\/schema\\\/logo\\\/image\\\/\",\"url\":\"https:\\\/\\\/kuadro.it\\\/com\\\/wp-content\\\/uploads\\\/2024\\\/10\\\/k-logo.png\",\"contentUrl\":\"https:\\\/\\\/kuadro.it\\\/com\\\/wp-content\\\/uploads\\\/2024\\\/10\\\/k-logo.png\",\"width\":213,\"height\":221,\"caption\":\"Kuadro.it\\\/com\"},\"image\":{\"@id\":\"https:\\\/\\\/kuadro.it\\\/com\\\/#\\\/schema\\\/logo\\\/image\\\/\"}}]}<\/script>\n<!-- \/ Yoast SEO plugin. -->","yoast_head_json":{"title":"Privacy Policy - Kuadro.it\/com","description":"andrea cavasin, mr. metaverso, mister metaverso, cavasin andrea, metaverso, libro di fisica, viviamo in un metaverso, meta singolarit\u00e0 digitale","robots":{"index":"index","follow":"follow","max-snippet":"max-snippet:-1","max-image-preview":"max-image-preview:large","max-video-preview":"max-video-preview:-1"},"canonical":"https:\/\/kuadro.it\/com\/privacy-policy\/","og_locale":"en_GB","og_type":"article","og_title":"Privacy Policy - Kuadro.it\/com","og_description":"andrea cavasin, mr. metaverso, mister metaverso, cavasin andrea, metaverso, libro di fisica, viviamo in un metaverso, meta singolarit\u00e0 digitale","og_url":"https:\/\/kuadro.it\/com\/privacy-policy\/","og_site_name":"Kuadro.it\/com","article_modified_time":"2023-11-25T14:35:16+00:00","og_image":[{"width":1822,"height":883,"url":"https:\/\/kuadro.it\/com\/wp-content\/uploads\/2024\/10\/kuadro-index.jpg","type":"image\/jpeg"}],"twitter_card":"summary_large_image","twitter_misc":{"Est. reading time":"4 minutes"},"schema":{"@context":"https:\/\/schema.org","@graph":[{"@type":"WebPage","@id":"https:\/\/kuadro.it\/com\/privacy-policy\/","url":"https:\/\/kuadro.it\/com\/privacy-policy\/","name":"Privacy Policy - Kuadro.it\/com","isPartOf":{"@id":"https:\/\/kuadro.it\/com\/#website"},"datePublished":"2023-11-23T22:47:02+00:00","dateModified":"2023-11-25T14:35:16+00:00","description":"andrea cavasin, mr. metaverso, mister metaverso, cavasin andrea, metaverso, libro di fisica, viviamo in un metaverso, meta singolarit\u00e0 digitale","breadcrumb":{"@id":"https:\/\/kuadro.it\/com\/privacy-policy\/#breadcrumb"},"inLanguage":"en-GB","potentialAction":[{"@type":"ReadAction","target":["https:\/\/kuadro.it\/com\/privacy-policy\/"]}]},{"@type":"BreadcrumbList","@id":"https:\/\/kuadro.it\/com\/privacy-policy\/#breadcrumb","itemListElement":[{"@type":"ListItem","position":1,"name":"Home","item":"https:\/\/kuadro.it\/com\/"},{"@type":"ListItem","position":2,"name":"Privacy Policy"}]},{"@type":"WebSite","@id":"https:\/\/kuadro.it\/com\/#website","url":"https:\/\/kuadro.it\/com\/","name":"Kuadro.it\/com","description":"Metaverse NFT Reality Art","publisher":{"@id":"https:\/\/kuadro.it\/com\/#organization"},"potentialAction":[{"@type":"SearchAction","target":{"@type":"EntryPoint","urlTemplate":"https:\/\/kuadro.it\/com\/?s={search_term_string}"},"query-input":{"@type":"PropertyValueSpecification","valueRequired":true,"valueName":"search_term_string"}}],"inLanguage":"en-GB"},{"@type":"Organization","@id":"https:\/\/kuadro.it\/com\/#organization","name":"Kuadro.it\/com","url":"https:\/\/kuadro.it\/com\/","logo":{"@type":"ImageObject","inLanguage":"en-GB","@id":"https:\/\/kuadro.it\/com\/#\/schema\/logo\/image\/","url":"https:\/\/kuadro.it\/com\/wp-content\/uploads\/2024\/10\/k-logo.png","contentUrl":"https:\/\/kuadro.it\/com\/wp-content\/uploads\/2024\/10\/k-logo.png","width":213,"height":221,"caption":"Kuadro.it\/com"},"image":{"@id":"https:\/\/kuadro.it\/com\/#\/schema\/logo\/image\/"}}]}},"_links":{"self":[{"href":"https:\/\/kuadro.it\/com\/wp-json\/wp\/v2\/pages\/46","targetHints":{"allow":["GET"]}}],"collection":[{"href":"https:\/\/kuadro.it\/com\/wp-json\/wp\/v2\/pages"}],"about":[{"href":"https:\/\/kuadro.it\/com\/wp-json\/wp\/v2\/types\/page"}],"author":[{"embeddable":true,"href":"https:\/\/kuadro.it\/com\/wp-json\/wp\/v2\/users\/3"}],"replies":[{"embeddable":true,"href":"https:\/\/kuadro.it\/com\/wp-json\/wp\/v2\/comments?post=46"}],"version-history":[{"count":3,"href":"https:\/\/kuadro.it\/com\/wp-json\/wp\/v2\/pages\/46\/revisions"}],"predecessor-version":[{"id":248,"href":"https:\/\/kuadro.it\/com\/wp-json\/wp\/v2\/pages\/46\/revisions\/248"}],"wp:attachment":[{"href":"https:\/\/kuadro.it\/com\/wp-json\/wp\/v2\/media?parent=46"}],"curies":[{"name":"wp","href":"https:\/\/api.w.org\/{rel}","templated":true}]}}